{"id":105,"date":"2025-08-28T02:09:58","date_gmt":"2025-08-28T02:09:58","guid":{"rendered":"https:\/\/sergiolazarte.com.ar\/capitalizacion\/home\/"},"modified":"2025-08-28T02:09:58","modified_gmt":"2025-08-28T02:09:58","slug":"home","status":"publish","type":"page","link":"https:\/\/sergiolazarte.com.ar\/capitalizacion\/home\/","title":{"rendered":"Home"},"content":{"rendered":"\n\n\n<h2>Inversiones<\/h2>\n<h3>Estrategias<span style=\"color:#f98012ff\"> de Inversi\u00f3n<\/span><\/h3>\n<p>Descubre el arte de la gesti\u00f3n de riesgos. Combinamos creatividad con t\u00e9cnica para producir im\u00e1genes poderosas. Ya sea en finanzas, an\u00e1lisis de datos o evaluaci\u00f3n de proyectos, nuestro trabajo habla a trav\u00e9s de la luz, la emoci\u00f3n y la perspectiva.<\/p>\n\n\n\n\n\n\n\n\n\n<h2>Sobre m\u00ed<\/h2>\n<h3>Acerca <span style=\"color:#f98012ff\">de nosotros<\/span><\/h3>\n<h4>Nuestra Historia<\/h4>\n<p>Cada estrategia de inversi\u00f3n tiene una historia, y tambi\u00e9n nosotros. Con a\u00f1os de experiencia, nos especializamos en captar momentos que importan, aut\u00e9nticos e inolvidables. Nuestro enfoque es personal, intuitivo y centrado en la autenticidad.<\/p>\n\n\n\n\n\n\n\n\n\n\n<h2>Trabajo Reciente<\/h2>\n<h3>\u00daltimos <span style=\"color:#f98012ff\">Proyectos<\/span><\/h3>\n<p>Explora nuestras \u00faltimas inversiones. Desde retratos \u00edntimos hasta impresionantes estrategias, aqu\u00ed tienes un vistazo a nuestros \u00faltimos caminos creativos.<\/p>\n\n\n\n\n\n\n\n\n\n\n\n\n<h2>Nuestra Especialidad<\/h2>\n<h3>Nuestra <span style=\"color:#f98012ff\">Especialidad<\/span><\/h3>\n<p>Desde la elegancia de las bodas hasta la belleza salvaje de la naturaleza, abordamos cada proyecto con una perspectiva fresca y un compromiso con la excelencia.<\/p>\n\n\n\n\n\n\n\n\n\n\n\n\n\n\n\n<h2>PLAN PERSONALIZADO<\/h2>\n<h3>PLAN PERSONALIZADO<span style=\"color:#f98012ff\"><\/span><\/h3>\n<p>Cada proyecto es diferente y tambi\u00e9n lo es nuestro enfoque. Ofrecemos planes de inversi\u00f3n personalizados para adaptarse a tu estilo, necesidades y presupuesto.<\/p>\n\n\n\n\n\n\n\n\n\n","protected":false},"excerpt":{"rendered":"","protected":false},"author":1,"featured_media":0,"parent":0,"menu_order":0,"comment_status":"closed","ping_status":"closed","template":"","meta":{"saved_in_kubio":false,"pagelayer_contact_templates":[],"_pagelayer_content":"","footnotes":""},"class_list":["post-105","page","type-page","status-publish","hentry"],"kubio_ai_page_context":{"short_desc":"","purpose":"general"},"_links":{"self":[{"href":"https:\/\/sergiolazarte.com.ar\/capitalizacion\/wp-json\/wp\/v2\/pages\/105","targetHints":{"allow":["GET"]}}],"collection":[{"href":"https:\/\/sergiolazarte.com.ar\/capitalizacion\/wp-json\/wp\/v2\/pages"}],"about":[{"href":"https:\/\/sergiolazarte.com.ar\/capitalizacion\/wp-json\/wp\/v2\/types\/page"}],"author":[{"embeddable":true,"href":"https:\/\/sergiolazarte.com.ar\/capitalizacion\/wp-json\/wp\/v2\/users\/1"}],"replies":[{"embeddable":true,"href":"https:\/\/sergiolazarte.com.ar\/capitalizacion\/wp-json\/wp\/v2\/comments?post=105"}],"version-history":[{"count":0,"href":"https:\/\/sergiolazarte.com.ar\/capitalizacion\/wp-json\/wp\/v2\/pages\/105\/revisions"}],"wp:attachment":[{"href":"https:\/\/sergiolazarte.com.ar\/capitalizacion\/wp-json\/wp\/v2\/media?parent=105"}],"curies":[{"name":"wp","href":"https:\/\/api.w.org\/{rel}","templated":true}]}}